{"id":541,"date":"2025-05-19T13:19:16","date_gmt":"2025-05-19T13:19:16","guid":{"rendered":"https:\/\/www.qualipro.cloud\/?page_id=541"},"modified":"2025-05-19T13:45:47","modified_gmt":"2025-05-19T13:45:47","slug":"reussir-demarche-qualite","status":"publish","type":"page","link":"https:\/\/www.qualipro.cloud\/ar\/reussir-demarche-qualite\/","title":{"rendered":"Comment r\u00e9ussir sa d\u00e9marche qualit\u00e9 ?"},"content":{"rendered":"<div data-elementor-type=\"wp-page\" data-elementor-id=\"541\" class=\"elementor elementor-541\">\n\t\t\t\t<div class=\"elementor-element elementor-element-d4ca3a5 e-con-full e-flex e-con e-parent\" data-id=\"d4ca3a5\" data-element_type=\"container\">\n\t\t\t\t<div class=\"elementor-element elementor-element-0b2302e elementor-widget elementor-widget-text-editor\" data-id=\"0b2302e\" data-element_type=\"widget\" data-widget_type=\"text-editor.default\">\n\t\t\t\t<div class=\"elementor-widget-container\">\n\t\t\t\t\t\t\t\t\t<p><span style=\"font-weight: 400;\">Mettre en place une d\u00e9marche qualit\u00e9 efficace est une \u00e9tape essentielle pour tout \u00e9tablissement agroalimentaire souhaitant structurer ses activit\u00e9s, garantir la s\u00e9curit\u00e9 des produits et renforcer sa cr\u00e9dibilit\u00e9. Gr\u00e2ce \u00e0 une organisation rigoureuse et des outils adapt\u00e9s, la qualit\u00e9 devient un levier de performance, et non une contrainte.<\/span><\/p>\t\t\t\t\t\t\t\t<\/div>\n\t\t\t\t<\/div>\n\t\t\t\t<div class=\"elementor-element elementor-element-531ad1e elementor-widget elementor-widget-heading\" data-id=\"531ad1e\" data-element_type=\"widget\" data-widget_type=\"heading.default\">\n\t\t\t\t<div class=\"elementor-widget-container\">\n\t\t\t\t\t<h3 class=\"elementor-heading-title elementor-size-default\">Les fondements d\u2019une d\u00e9marche qualit\u00e9 structur\u00e9e :<\/h3>\t\t\t\t<\/div>\n\t\t\t\t<\/div>\n\t\t\t\t<div class=\"elementor-element elementor-element-88c7119 elementor-widget elementor-widget-heading\" data-id=\"88c7119\" data-element_type=\"widget\" data-widget_type=\"heading.default\">\n\t\t\t\t<div class=\"elementor-widget-container\">\n\t\t\t\t\t<h4 class=\"elementor-heading-title elementor-size-default\">\ud83d\udccc D\u00e9finir des proc\u00e9dures simples<\/h4>\t\t\t\t<\/div>\n\t\t\t\t<\/div>\n\t\t\t\t<div class=\"elementor-element elementor-element-3ba3111 elementor-widget elementor-widget-text-editor\" data-id=\"3ba3111\" data-element_type=\"widget\" data-widget_type=\"text-editor.default\">\n\t\t\t\t<div class=\"elementor-widget-container\">\n\t\t\t\t\t\t\t\t\t<p><span style=\"font-weight: 400;\">Formaliser clairement les op\u00e9rations quotidiennes (nettoyage, stockage, production, suivi hygi\u00e8ne) \u00e0 l\u2019aide de fiches claires et compr\u00e9hensibles.<\/span><\/p>\t\t\t\t\t\t\t\t<\/div>\n\t\t\t\t<\/div>\n\t\t\t\t<div class=\"elementor-element elementor-element-3c2d0c8 elementor-widget elementor-widget-heading\" data-id=\"3c2d0c8\" data-element_type=\"widget\" data-widget_type=\"heading.default\">\n\t\t\t\t<div class=\"elementor-widget-container\">\n\t\t\t\t\t<h4 class=\"elementor-heading-title elementor-size-default\">\ud83d\udccc Assurer une tra\u00e7abilit\u00e9 fiable<\/h4>\t\t\t\t<\/div>\n\t\t\t\t<\/div>\n\t\t\t\t<div class=\"elementor-element elementor-element-4503928 elementor-widget elementor-widget-text-editor\" data-id=\"4503928\" data-element_type=\"widget\" data-widget_type=\"text-editor.default\">\n\t\t\t\t<div class=\"elementor-widget-container\">\n\t\t\t\t\t\t\t\t\t<p><span style=\"font-weight: 400;\">Conservez une trace de toutes les activit\u00e9s cl\u00e9s \u00e0 travers des enregistrements dat\u00e9s. C\u2019est un \u00e9l\u00e9ment central lors des visites des organismes de contr\u00f4le.<\/span><\/p>\t\t\t\t\t\t\t\t<\/div>\n\t\t\t\t<\/div>\n\t\t\t\t<div class=\"elementor-element elementor-element-8a53dda elementor-widget elementor-widget-heading\" data-id=\"8a53dda\" data-element_type=\"widget\" data-widget_type=\"heading.default\">\n\t\t\t\t<div class=\"elementor-widget-container\">\n\t\t\t\t\t<h4 class=\"elementor-heading-title elementor-size-default\">\ud83d\udccc R\u00e9aliser un autocontr\u00f4le r\u00e9gulier<\/h4>\t\t\t\t<\/div>\n\t\t\t\t<\/div>\n\t\t\t\t<div class=\"elementor-element elementor-element-b083d1d elementor-widget elementor-widget-text-editor\" data-id=\"b083d1d\" data-element_type=\"widget\" data-widget_type=\"text-editor.default\">\n\t\t\t\t<div class=\"elementor-widget-container\">\n\t\t\t\t\t\t\t\t\t<p><span style=\"font-weight: 400;\">Appuyez-vous sur une checklist pour \u00e9valuer votre propre conformit\u00e9. Cela vous aide \u00e0 anticiper les \u00e9ventuelles remarques d\u2019inspection.<\/span><\/p>\t\t\t\t\t\t\t\t<\/div>\n\t\t\t\t<\/div>\n\t\t\t\t<div class=\"elementor-element elementor-element-9718595 elementor-widget elementor-widget-heading\" data-id=\"9718595\" data-element_type=\"widget\" data-widget_type=\"heading.default\">\n\t\t\t\t<div class=\"elementor-widget-container\">\n\t\t\t\t\t<h4 class=\"elementor-heading-title elementor-size-default\">\ud83d\udccc Centraliser vos donn\u00e9es qualit\u00e9<\/h4>\t\t\t\t<\/div>\n\t\t\t\t<\/div>\n\t\t\t\t<div class=\"elementor-element elementor-element-61789a8 elementor-widget elementor-widget-text-editor\" data-id=\"61789a8\" data-element_type=\"widget\" data-widget_type=\"text-editor.default\">\n\t\t\t\t<div class=\"elementor-widget-container\">\n\t\t\t\t\t\t\t\t\t<p><span style=\"font-weight: 400;\">Un syst\u00e8me digital permet de centraliser tous vos documents, de les actualiser rapidement et de les pr\u00e9senter facilement en cas de besoin.<\/span><\/p>\t\t\t\t\t\t\t\t<\/div>\n\t\t\t\t<\/div>\n\t\t\t\t<div class=\"elementor-element elementor-element-63e1085 elementor-widget elementor-widget-heading\" data-id=\"63e1085\" data-element_type=\"widget\" data-widget_type=\"heading.default\">\n\t\t\t\t<div class=\"elementor-widget-container\">\n\t\t\t\t\t<h3 class=\"elementor-heading-title elementor-size-default\">Ce que recherchent les organismes de contr\u00f4le :<\/h3>\t\t\t\t<\/div>\n\t\t\t\t<\/div>\n\t\t\t\t<div class=\"elementor-element elementor-element-10613ab elementor-widget elementor-widget-text-editor\" data-id=\"10613ab\" data-element_type=\"widget\" data-widget_type=\"text-editor.default\">\n\t\t\t\t<div class=\"elementor-widget-container\">\n\t\t\t\t\t\t\t\t\t<p><span style=\"font-weight: 400;\">Les structures de contr\u00f4le attendent des \u00e9tablissements qu\u2019ils puissent d\u00e9montrer une bonne gestion de l\u2019hygi\u00e8ne, de la tra\u00e7abilit\u00e9, et de la pr\u00e9vention des risques. \u00catre capable de pr\u00e9senter un syst\u00e8me clair, organis\u00e9 et mis \u00e0 jour est essentiel.<\/span><\/p>\t\t\t\t\t\t\t\t<\/div>\n\t\t\t\t<\/div>\n\t\t\t\t<div class=\"elementor-element elementor-element-3965049 elementor-widget elementor-widget-heading\" data-id=\"3965049\" data-element_type=\"widget\" data-widget_type=\"heading.default\">\n\t\t\t\t<div class=\"elementor-widget-container\">\n\t\t\t\t\t<h3 class=\"elementor-heading-title elementor-size-default\">Comment QualiPro vous accompagne :<\/h3>\t\t\t\t<\/div>\n\t\t\t\t<\/div>\n\t\t\t\t<div class=\"elementor-element elementor-element-6563e49 elementor-widget elementor-widget-text-editor\" data-id=\"6563e49\" data-element_type=\"widget\" data-widget_type=\"text-editor.default\">\n\t\t\t\t<div class=\"elementor-widget-container\">\n\t\t\t\t\t\t\t\t\t<p><span style=\"font-weight: 400;\">QualiPro propose une solution digitale intuitive, pens\u00e9e pour les r\u00e9alit\u00e9s de terrain. Gr\u00e2ce \u00e0 son outil en ligne, chaque \u00e9tablissement peut structurer son syst\u00e8me qualit\u00e9, suivre ses obligations et disposer \u00e0 tout moment de documents actualis\u00e9s, sans d\u00e9pendre de ressources externes.<\/span><\/p>\t\t\t\t\t\t\t\t<\/div>\n\t\t\t\t<\/div>\n\t\t\t\t<div class=\"elementor-element elementor-element-3ea5f6c elementor-widget elementor-widget-heading\" data-id=\"3ea5f6c\" data-element_type=\"widget\" data-widget_type=\"heading.default\">\n\t\t\t\t<div class=\"elementor-widget-container\">\n\t\t\t\t\t<h3 class=\"elementor-heading-title elementor-size-default\">Les b\u00e9n\u00e9fices d\u2019une d\u00e9marche bien ma\u00eetris\u00e9e :<\/h3>\t\t\t\t<\/div>\n\t\t\t\t<\/div>\n\t\t\t\t<div class=\"elementor-element elementor-element-bfd45bc elementor-widget elementor-widget-text-editor\" data-id=\"bfd45bc\" data-element_type=\"widget\" data-widget_type=\"text-editor.default\">\n\t\t\t\t<div class=\"elementor-widget-container\">\n\t\t\t\t\t\t\t\t\t<p><span style=\"font-weight: 400;\">\u2714\ufe0f Gagner du temps<\/span><span style=\"font-weight: 400;\"><br \/><\/span><span style=\"font-weight: 400;\"> \u2714\ufe0f \u00catre autonome<\/span><span style=\"font-weight: 400;\"><br \/><\/span><span style=\"font-weight: 400;\"> \u2714\ufe0f Renforcer la cr\u00e9dibilit\u00e9 de votre \u00e9tablissement<\/span><span style=\"font-weight: 400;\"><br \/><\/span><span style=\"font-weight: 400;\"> \u2714\ufe0f \u00catre pr\u00eat pour toute visite officielle<\/span><\/p>\t\t\t\t\t\t\t\t<\/div>\n\t\t\t\t<\/div>\n\t\t\t\t<\/div>\n\t\t\t\t<\/div>","protected":false},"excerpt":{"rendered":"<p>Mettre en place une d\u00e9marche qualit\u00e9 efficace est une \u00e9tape essentielle pour tout \u00e9tablissement agroalimentaire souhaitant structurer ses activit\u00e9s, garantir la s\u00e9curit\u00e9 des produits et renforcer sa cr\u00e9dibilit\u00e9. Gr\u00e2ce \u00e0 une organisation rigoureuse et des outils adapt\u00e9s, la qualit\u00e9 devient un levier de performance, et non une contrainte. Les fondements d\u2019une d\u00e9marche qualit\u00e9 structur\u00e9e : [&hellip;]<\/p>","protected":false},"author":1,"featured_media":0,"parent":0,"menu_order":0,"comment_status":"closed","ping_status":"closed","template":"templates\/template-page-full-width.php","meta":{"footnotes":""},"class_list":["post-541","page","type-page","status-publish","hentry"],"_links":{"self":[{"href":"https:\/\/www.qualipro.cloud\/ar\/wp-json\/wp\/v2\/pages\/541","targetHints":{"allow":["GET"]}}],"collection":[{"href":"https:\/\/www.qualipro.cloud\/ar\/wp-json\/wp\/v2\/pages"}],"about":[{"href":"https:\/\/www.qualipro.cloud\/ar\/wp-json\/wp\/v2\/types\/page"}],"author":[{"embeddable":true,"href":"https:\/\/www.qualipro.cloud\/ar\/wp-json\/wp\/v2\/users\/1"}],"replies":[{"embeddable":true,"href":"https:\/\/www.qualipro.cloud\/ar\/wp-json\/wp\/v2\/comments?post=541"}],"version-history":[{"count":8,"href":"https:\/\/www.qualipro.cloud\/ar\/wp-json\/wp\/v2\/pages\/541\/revisions"}],"predecessor-version":[{"id":549,"href":"https:\/\/www.qualipro.cloud\/ar\/wp-json\/wp\/v2\/pages\/541\/revisions\/549"}],"wp:attachment":[{"href":"https:\/\/www.qualipro.cloud\/ar\/wp-json\/wp\/v2\/media?parent=541"}],"curies":[{"name":"wp","href":"https:\/\/api.w.org\/{rel}","templated":true}]}}