{"id":551,"date":"2025-05-19T13:47:06","date_gmt":"2025-05-19T13:47:06","guid":{"rendered":"https:\/\/www.qualipro.cloud\/?page_id=551"},"modified":"2025-05-19T13:57:13","modified_gmt":"2025-05-19T13:57:13","slug":"pourquoi-choisir-qualipro","status":"publish","type":"page","link":"https:\/\/www.qualipro.cloud\/fr\/pourquoi-choisir-qualipro\/","title":{"rendered":"Pourquoi choisir QualiPro ?"},"content":{"rendered":"<p>QualiPro est une plateforme con\u00e7ue pour rendre la gestion qualit\u00e9 accessible, efficace et adapt\u00e9e aux contraintes du terrain. Que vous soyez une coop\u00e9rative, une unit\u00e9 de transformation ou un \u00e9tablissement artisanal, vous b\u00e9n\u00e9ficiez d\u2019une application moderne, bilingue et intuitive pour piloter votre conformit\u00e9 au quotidien.<\/p>\n<h3>Les avantages concrets de la solution :<\/h3>\n<h4>\u2714\ufe0f Facilit\u00e9 d\u2019utilisation<\/h4>\n<p>Une interface en arabe et en fran\u00e7ais, simple \u00e0 prendre en main m\u00eame sans formation sp\u00e9cialis\u00e9e.<\/p>\n<h4>\u2714\ufe0f Mod\u00e8les pr\u00eats \u00e0 l\u2019emploi<\/h4>\n<p>Des proc\u00e9dures, checklists et manuels personnalis\u00e9s selon votre activit\u00e9 (huile, lait, miel, etc.).<\/p>\n<h4>\u2714\ufe0f Suivi automatis\u00e9<\/h4>\n<p>Des rappels vous avertissent des t\u00e2ches \u00e0 r\u00e9aliser ou \u00e0 mettre \u00e0 jour pour rester conforme.<\/p>\n<h4>\u2714\ufe0f Visualisation claire<\/h4>\n<p>Un tableau de bord synth\u00e9tique vous montre l\u2019\u00e9tat de votre conformit\u00e9 en un coup d\u2019\u0153il.<\/p>\n<h4>\u2714\ufe0f Export PDF instantan\u00e9<\/h4>\n<p>Vos documents sont pr\u00eats \u00e0 \u00eatre pr\u00e9sent\u00e9s \u00e0 tout moment, au bon format.<\/p>\n<h4>\u2714\ufe0f Autonomie et s\u00e9curit\u00e9<\/h4>\n<p>Vos donn\u00e9es sont s\u00e9curis\u00e9es. Vous \u00eates libre de g\u00e9rer votre qualit\u00e9 sans d\u00e9pendance technique ou externe.<\/p>\n<h3>Pens\u00e9e par le terrain, pour le terrain :<\/h3>\n<p>QualiPro a \u00e9t\u00e9 cr\u00e9\u00e9e par deux ing\u00e9nieurs en industries agroalimentaires ayant collabor\u00e9 avec des structures nationales et internationales. Forts d\u2019une grande exp\u00e9rience terrain, ils ont con\u00e7u une solution au service de l\u2019op\u00e9rationnel, pratique et 100 % adapt\u00e9e aux r\u00e9alit\u00e9s locales.<\/p>\n<h3>Pr\u00eat \u00e0 faire un pas vers la qualit\u00e9 intelligente ?<\/h3>\n<p>\u2714\ufe0f Passez au digital<br \/> \u2714\ufe0f Restez organis\u00e9<br \/> \u2714\ufe0f Soyez pr\u00eat, \u00e0 tout moment<\/p>\n<p> Avec QualiPro, la qualit\u00e9 devient simple, accessible, et ma\u00eetris\u00e9e.<\/p>\n","protected":false},"excerpt":{"rendered":"<p>QualiPro est une plateforme con\u00e7ue pour rendre la gestion qualit\u00e9 accessible, efficace et adapt\u00e9e aux contraintes du terrain. Que vous soyez une coop\u00e9rative, une unit\u00e9 de transformation ou un \u00e9tablissement artisanal, vous b\u00e9n\u00e9ficiez d\u2019une application moderne, bilingue et intuitive pour piloter votre conformit\u00e9 au quotidien. Les avantages concrets de la solution : \u2714\ufe0f Facilit\u00e9 d\u2019utilisation [&hellip;]<\/p>\n","protected":false},"author":1,"featured_media":0,"parent":0,"menu_order":0,"comment_status":"closed","ping_status":"closed","template":"templates\/template-page-full-width.php","meta":{"footnotes":""},"class_list":["post-551","page","type-page","status-publish","hentry"],"_links":{"self":[{"href":"https:\/\/www.qualipro.cloud\/fr\/wp-json\/wp\/v2\/pages\/551","targetHints":{"allow":["GET"]}}],"collection":[{"href":"https:\/\/www.qualipro.cloud\/fr\/wp-json\/wp\/v2\/pages"}],"about":[{"href":"https:\/\/www.qualipro.cloud\/fr\/wp-json\/wp\/v2\/types\/page"}],"author":[{"embeddable":true,"href":"https:\/\/www.qualipro.cloud\/fr\/wp-json\/wp\/v2\/users\/1"}],"replies":[{"embeddable":true,"href":"https:\/\/www.qualipro.cloud\/fr\/wp-json\/wp\/v2\/comments?post=551"}],"version-history":[{"count":4,"href":"https:\/\/www.qualipro.cloud\/fr\/wp-json\/wp\/v2\/pages\/551\/revisions"}],"predecessor-version":[{"id":555,"href":"https:\/\/www.qualipro.cloud\/fr\/wp-json\/wp\/v2\/pages\/551\/revisions\/555"}],"wp:attachment":[{"href":"https:\/\/www.qualipro.cloud\/fr\/wp-json\/wp\/v2\/media?parent=551"}],"curies":[{"name":"wp","href":"https:\/\/api.w.org\/{rel}","templated":true}]}}